{"id":121,"date":"2023-07-03T18:38:18","date_gmt":"2023-07-03T21:38:18","guid":{"rendered":"https:\/\/culinariamundo.online\/?page_id=121"},"modified":"2023-07-19T02:06:27","modified_gmt":"2023-07-19T05:06:27","slug":"dicas","status":"publish","type":"page","link":"https:\/\/culinariamundo.online\/?page_id=121","title":{"rendered":"Dicas"},"content":{"rendered":"\n<p class=\"has-small-font-size\">Planejamento de refei\u00e7\u00f5es<br>Explore diferentes m\u00e9todos de cozimento<br>Aprenda t\u00e9cnicas b\u00e1sicas de culin\u00e1ria<br>Fa\u00e7a substitui\u00e7\u00f5es saud\u00e1veis<br>Use ervas e temperos<\/p>\n","protected":false},"excerpt":{"rendered":"<p>Planejamento de refei\u00e7\u00f5esExplore diferentes m\u00e9todos de cozimentoAprenda t\u00e9cnicas b\u00e1sicas de culin\u00e1riaFa\u00e7a substitui\u00e7\u00f5es saud\u00e1veisUse ervas e temperos<\/p>\n","protected":false},"author":1,"featured_media":0,"parent":0,"menu_order":0,"comment_status":"closed","ping_status":"closed","template":"","meta":[],"aioseo_notices":[],"_links":{"self":[{"href":"https:\/\/culinariamundo.online\/index.php?rest_route=\/wp\/v2\/pages\/121"}],"collection":[{"href":"https:\/\/culinariamundo.online\/index.php?rest_route=\/wp\/v2\/pages"}],"about":[{"href":"https:\/\/culinariamundo.online\/index.php?rest_route=\/wp\/v2\/types\/page"}],"author":[{"embeddable":true,"href":"https:\/\/culinariamundo.online\/index.php?rest_route=\/wp\/v2\/users\/1"}],"replies":[{"embeddable":true,"href":"https:\/\/culinariamundo.online\/index.php?rest_route=%2Fwp%2Fv2%2Fcomments&post=121"}],"version-history":[{"count":3,"href":"https:\/\/culinariamundo.online\/index.php?rest_route=\/wp\/v2\/pages\/121\/revisions"}],"predecessor-version":[{"id":165,"href":"https:\/\/culinariamundo.online\/index.php?rest_route=\/wp\/v2\/pages\/121\/revisions\/165"}],"wp:attachment":[{"href":"https:\/\/culinariamundo.online\/index.php?rest_route=%2Fwp%2Fv2%2Fmedia&parent=121"}],"curies":[{"name":"wp","href":"https:\/\/api.w.org\/{rel}","templated":true}]}}