{"id":2,"date":"2023-06-14T12:30:15","date_gmt":"2023-06-14T15:30:15","guid":{"rendered":"http:\/\/culinariamundo.online\/?page_id=2"},"modified":"2023-06-24T12:14:22","modified_gmt":"2023-06-24T15:14:22","slug":"pagina-exemplo","status":"publish","type":"page","link":"https:\/\/culinariamundo.online\/?page_id=2","title":{"rendered":"Sobre N\u00f3s"},"content":{"rendered":"\n<p class=\"has-medium-font-size\">Somos uma p\u00e1gina sobre receitas deliciosas e f\u00e1ceis, Esperamos que voc\u00eas possam aproveitar o m\u00e1ximo poss\u00edvel.<\/p>\n","protected":false},"excerpt":{"rendered":"<p>Somos uma p\u00e1gina sobre receitas deliciosas e f\u00e1ceis, Esperamos que voc\u00eas possam aproveitar o m\u00e1ximo poss\u00edvel.<\/p>\n","protected":false},"author":1,"featured_media":0,"parent":0,"menu_order":0,"comment_status":"closed","ping_status":"closed","template":"","meta":[],"aioseo_notices":[],"_links":{"self":[{"href":"https:\/\/culinariamundo.online\/index.php?rest_route=\/wp\/v2\/pages\/2"}],"collection":[{"href":"https:\/\/culinariamundo.online\/index.php?rest_route=\/wp\/v2\/pages"}],"about":[{"href":"https:\/\/culinariamundo.online\/index.php?rest_route=\/wp\/v2\/types\/page"}],"author":[{"embeddable":true,"href":"https:\/\/culinariamundo.online\/index.php?rest_route=\/wp\/v2\/users\/1"}],"replies":[{"embeddable":true,"href":"https:\/\/culinariamundo.online\/index.php?rest_route=%2Fwp%2Fv2%2Fcomments&post=2"}],"version-history":[{"count":2,"href":"https:\/\/culinariamundo.online\/index.php?rest_route=\/wp\/v2\/pages\/2\/revisions"}],"predecessor-version":[{"id":78,"href":"https:\/\/culinariamundo.online\/index.php?rest_route=\/wp\/v2\/pages\/2\/revisions\/78"}],"wp:attachment":[{"href":"https:\/\/culinariamundo.online\/index.php?rest_route=%2Fwp%2Fv2%2Fmedia&parent=2"}],"curies":[{"name":"wp","href":"https:\/\/api.w.org\/{rel}","templated":true}]}}